{"id":38,"date":"2012-05-09T18:17:28","date_gmt":"2012-05-09T18:17:28","guid":{"rendered":"http:\/\/seo-und-seo.de\/?page_id=38"},"modified":"2016-06-13T19:29:22","modified_gmt":"2016-06-13T19:29:22","slug":"impressum","status":"publish","type":"page","link":"http:\/\/www.hunde-lounge.com\/?page_id=38","title":{"rendered":"Impressum"},"content":{"rendered":"<div id=\"cc-matrix-1355023476\">\n<p style=\"text-align: center;\"><span style=\"color: #008000;\"><strong>Kirsten V\u00f6hrenbach<\/strong><\/span><\/p>\n<p style=\"text-align: center;\"><span style=\"color: #008000;\"><strong>Rittrumer Stra\u00dfe 2a<\/strong><\/span><\/p>\n<p style=\"text-align: center;\"><span style=\"color: #008000;\"><strong>26197 Westrittrum<\/strong><\/span><\/p>\n<p style=\"text-align: center;\"><span style=\"color: #008000;\"><strong>Tel. 04487-750310<\/strong><\/span><\/p>\n<p><span style=\"color: #008000;\"><strong><br \/>\n<\/strong><\/span><\/p>\n<p><span style=\"color: #008000;\">Haftungshinweis<\/span><\/p>\n<p>&nbsp;<\/p>\n<p><span style=\"color: #008000;\">Trotz sorgf\u00e4ltiger inhaltlicher Kontrolle \u00fcbernehmen weder der Inhaber noch der Webmaster dieser Domain die Haftung f\u00fcr die Inhalte externer Links. F\u00fcr den Inhalt der verlinkten Seiten sind ausschlie\u00dflich deren Betreiber verantwortlich.<\/span><\/p>\n<p><span style=\"color: #008000;\">Links von anderen Internet-Angeboten auf diese Homepage oder ihre Unterseiten sind ohne weitere Informationen oder Anfragen erlaubt, sofern sie das Anliegen dieser Homepage unterst\u00fctzen und sie oder eine ihrer Unterseiten im gesamten bisherigen oder einem neuen Browserfenster zeigen. Aufrufe in einem Frame-Teilfenster, die so die verlinkte Seite dieser Website als Teil der fremden Internet-Seite erscheinen lassen, sind nicht statthaft.<\/span><\/p>\n<p>&nbsp;<\/p>\n<h1><span style=\"font-size: 13px;\">\u00a0<\/span><\/h1>\n<p>&nbsp;<\/p>\n<p>&nbsp;<\/p>\n<p>&nbsp;<\/p>\n<p>&nbsp;<\/p>\n<p>&nbsp;<\/p>\n<\/div>\n","protected":false},"excerpt":{"rendered":"<p>Kirsten V\u00f6hrenbach Rittrumer Stra\u00dfe 2a 26197 Westrittrum Tel. 04487-750310 Haftungshinweis &nbsp; Trotz sorgf\u00e4ltiger inhaltlicher Kontrolle \u00fcbernehmen weder der Inhaber noch der Webmaster dieser Domain die Haftung f\u00fcr die Inhalte externer Links. F\u00fcr den Inhalt der verlinkten Seiten sind ausschlie\u00dflich deren Betreiber verantwortlich. Links von anderen Internet-Angeboten auf diese Homepage oder ihre Unterseiten sind ohne weitere [&hellip;]<\/p>\n","protected":false},"author":1,"featured_media":0,"parent":0,"menu_order":0,"comment_status":"open","ping_status":"closed","template":"","meta":[],"_links":{"self":[{"href":"http:\/\/www.hunde-lounge.com\/index.php?rest_route=\/wp\/v2\/pages\/38"}],"collection":[{"href":"http:\/\/www.hunde-lounge.com\/index.php?rest_route=\/wp\/v2\/pages"}],"about":[{"href":"http:\/\/www.hunde-lounge.com\/index.php?rest_route=\/wp\/v2\/types\/page"}],"author":[{"embeddable":true,"href":"http:\/\/www.hunde-lounge.com\/index.php?rest_route=\/wp\/v2\/users\/1"}],"replies":[{"embeddable":true,"href":"http:\/\/www.hunde-lounge.com\/index.php?rest_route=%2Fwp%2Fv2%2Fcomments&post=38"}],"version-history":[{"count":6,"href":"http:\/\/www.hunde-lounge.com\/index.php?rest_route=\/wp\/v2\/pages\/38\/revisions"}],"predecessor-version":[{"id":578,"href":"http:\/\/www.hunde-lounge.com\/index.php?rest_route=\/wp\/v2\/pages\/38\/revisions\/578"}],"wp:attachment":[{"href":"http:\/\/www.hunde-lounge.com\/index.php?rest_route=%2Fwp%2Fv2%2Fmedia&parent=38"}],"curies":[{"name":"wp","href":"https:\/\/api.w.org\/{rel}","templated":true}]}}