{"id":85,"date":"2012-05-11T09:15:32","date_gmt":"2012-05-11T09:15:32","guid":{"rendered":"http:\/\/hunde-lounge.com\/?page_id=85"},"modified":"2018-05-25T06:18:56","modified_gmt":"2018-05-25T06:18:56","slug":"datenschutz","status":"publish","type":"page","link":"http:\/\/www.hunde-lounge.com\/?page_id=85","title":{"rendered":"Datenschutz"},"content":{"rendered":"<p>Wir informieren dar\u00fcber, dass die im Rahmen der Gesch\u00e4ftsabwicklung von Ihnen \u00fcbermittelten Daten mit Hilfe einer EDV-Anlage verarbeitet und gespeichert werden. Pers\u00f6nliche Daten werden selbstverst\u00e4ndlich vertraulich behandelt.<\/p>\n<h3>Erhebung \/ Beschaffung von personenbezogenen Daten<\/h3>\n<p>Personenbezogene Daten (Einzelangaben \u00fcber pers\u00f6nliche oder sachliche Verh\u00e4ltnisse einer bestimmten oder bestimmbaren nat\u00fcrlichen Person) erheben wir nur, soweit wir diese f\u00fcr die Bearbeitung von Vertragsabwicklungen und f\u00fcr die Erbringung vertraglicher Leistungen ben\u00f6tigen. Die Erhebung der Daten erfolgt ausschlie\u00dflich in dem von Ihnen zur Verf\u00fcgung gestellten Umfang.<\/p>\n<h3>Verarbeitung personenbezogener Daten<\/h3>\n<p>Die Verarbeitung Ihrer personenbezogenen Daten umfasst das Speichern, Ver\u00e4ndern, \u00dcbermitteln, Sperren und L\u00f6schen dieser Daten. Wir geben Ihre personenbezogenen Daten nicht an Dritte weiter. Ausgenommen hiervon sind lediglich unsere Dienstleistungspartner, die wir zur Abwicklung des Vertragsverh\u00e4ltnisses ben\u00f6tigen. In diesen F\u00e4llen beachten wir strikt die Vorgaben des Bundesdatenschutzgesetzes. Der Umfang der Daten\u00fcbermittlung beschr\u00e4nkt sich auf ein Mindestma\u00df. Sie stimmen der Verarbeitung Ihrer personenbezogenen Daten zu. Das Recht die Einwilligung mit Wirkung f\u00fcr die Zukunft zu widerrufen steht Ihnen uneingeschr\u00e4nkt zu. Die Kontaktdaten f\u00fcr die Aus\u00fcbung des Widerrufs finden Sie in unserem Impressum.<\/p>\n<h3>Nutzung personenbezogener Daten<\/h3>\n<p>Wir informieren dar\u00fcber, dass die weitergehende Nutzung Ihrer pers\u00f6nlichen Daten zu Zwecken der Marktforschung und Zusendung von Werbung oder Newslettern nur mit Ihrer gesondert einzuholenden ausdr\u00fccklichen Zustimmung erfolgt. Das Recht, die Einwilligung mit Wirkung f\u00fcr die Zukunft zu widerrufen steht Ihnen uneingeschr\u00e4nkt zu. Die Kontaktdaten f\u00fcr die Aus\u00fcbung des Widerrufs finden Sie in unserem Impressum.<\/p>\n<h3>Auskunft, Berichtigung, Sperrung und L\u00f6schung von Daten<\/h3>\n<p>Sie haben jederzeit ein Recht auf Auskunft, Berichtigung, L\u00f6schung bzw. Sperrung Ihrer gespeicherten Daten. Kontaktieren Sie uns auf Wunsch. Die Kontaktdaten finden Sie in unserem Impressum.<\/p>\n<h3>Cookies<\/h3>\n<p>Unsere Internetseiten verwenden an mehreren Stellen so genannte Cookies. Cookies sind kleine Textdateien, die auf Ihrem Rechner abgelegt werden und die Ihr Browser speichert. Sie dienen dazu, unser Angebot nutzerfreundlicher, effektiver und sicherer zu machen. Des Weiteren erm\u00f6glichen Cookies unseren Systemen, Ihren Browser zu erkennen und Ihnen Services anzubieten. Cookies enthalten keine personenbezogenen Daten.<\/p>\n<h3>Hinweis zur Nutzung von Google Analytics<\/h3>\n<p>Diese Website benutzt Google Analytics, einen Webanalysedienst der Google Inc. (\u201eGoogle\u201c). Google Analytics verwendet sog. \u201eCookies\u201c, Textdateien, die auf Ihrem Computer gespeichert werden und die eine Analyse der Benutzung der Website durch Sie erm\u00f6glichen. Die durch den Cookie erzeugten Informationen \u00fcber Ihre Benutzung dieser Website (einschlie\u00dflich Ihrer IP-Adresse) wird an einen Server von Google in den USA \u00fcbertragen und dort gespeichert. Google wird diese Informationen benutzen, um Ihre Nutzung der Website auszuwerten, um Reports \u00fcber die Websiteaktivit\u00e4ten f\u00fcr die Websitebetreiber zusammenzustellen und um weitere mit der Websitenutzung und der Internetnutzung verbundene Dienstleistungen zu erbringen. Auch wird Google diese Informationen gegebenenfalls an Dritte \u00fcbertragen, sofern dies gesetzlich vorgeschrieben oder soweit Dritte diese Daten im Auftrag von Google verarbeiten. Google wird in keinem Fall Ihre IP-Adresse mit anderen Daten von Google in Verbindung bringen. Sie k\u00f6nnen die Installation der Cookies durch eine entsprechende Einstellung Ihrer Browser Software verhindern; wir weisen Sie jedoch darauf hin, dass Sie in diesem Fall gegebenenfalls nicht s\u00e4mtliche Funktionen dieser Website vollumf\u00e4nglich nutzen k\u00f6nnen. Durch die Nutzung dieser Website erkl\u00e4ren Sie sich mit der Bearbeitung der \u00fcber Sie erhobenen Daten durch Google in der zuvor beschriebenen Art und Weise und zu dem zuvor benannten Zweck einverstanden.<\/p>\n<h3>Hinweis zu Social Plugins (z.B. Facebook)<\/h3>\n<p>Diese Website verwendet sogenannte Social Plugins (\u201cPlugins\u201d) des sozialen Netzwerkes Facebook , das von der Facebook Inc., 1601 S. California Ave, Palo Alto, CA 94304, USA (\u201cFacebook\u201d) betrieben wird. Die Plugins sind mit einem Facebook-Logo oder dem Zusatz \u201cSoziales Plug-in von Facebook\u201d bzw. \u201cFacebook Social Plugin\u201d gekennzeichnet. Eine \u00dcbersicht \u00fcber die Facebook Plugins und deren Aussehen finden Sie hier: <a href=\"http:\/\/developers.facebook.com\/plugins\">http:\/\/developers.facebook.com\/plugins<\/a><\/p>\n<p>Wenn Sie eine Seite unseres Webauftritts aufrufen, die ein solches Plugin enth\u00e4lt, baut Ihr Browser eine direkte Verbindung mit den Servern von Facebook auf. Der Inhalt des Plugins wird von Facebook direkt an Ihren Browser \u00fcbermittelt und von diesem in die Webseite eingebunden.<\/p>\n<p>Durch die Einbindung der Plugins erh\u00e4lt Facebook die Information, dass Ihr Browser die entsprechende Seite unseres Webauftritts aufgerufen hat, auch wenn Sie kein Facebook-Konto besitzen oder gerade nicht bei Facebook eingeloggt sind. Diese Information (einschlie\u00dflich Ihrer IP-Adresse) wird von Ihrem Browser direkt an einen Server von Facebook in den USA \u00fcbermittelt und dort gespeichert.<\/p>\n<p>Sind Sie bei Facebook eingeloggt, kann Facebook den Besuch unserer Website Ihrem Facebook-Konto direkt zuordnen. Wenn Sie mit den Plugins interagieren, zum Beispiel den \u201cGef\u00e4llt mir\u201d-Button bet\u00e4tigen oder einen Kommentar abgeben, wird die entsprechende Information ebenfalls direkt an einen Server von Facebook \u00fcbermittelt und dort gespeichert. Die Informationen werden zudem auf Facebook ver\u00f6ffentlicht und Ihren Facebook-Freunden angezeigt.<\/p>\n<p>Facebook kann diese Informationen zum Zwecke der Werbung, Marktforschung und bedarfsgerechten Gestaltung der Facebook-Seiten benutzen. Hierzu werden von Facebook Nutzungs-, Interessen- und Beziehungsprofile erstellt, z.B. um Ihre Nutzung unserer Website im Hinblick auf die Ihnen bei Facebook eingeblendeten Werbeanzeigen auszuwerten, andere Facebook-Nutzer \u00fcber Ihre Aktivit\u00e4ten auf unserer Website zu informieren und um weitere mit der Nutzung von Facebook verbundene Dienstleistungen zu erbringen.<\/p>\n<p>Wenn Sie nicht m\u00f6chten, dass Facebook die \u00fcber unseren Webauftritt gesammelten Daten Ihrem Facebook-Konto zuordnet, m\u00fcssen Sie sich vor Ihrem Besuch unserer Website bei Facebook ausloggen.<\/p>\n<p>Zweck und Umfang der Datenerhebung und die weitere Verarbeitung und Nutzung der Daten durch Facebook sowie Ihre diesbez\u00fcglichen Rechte und Einstellungsm\u00f6glichkeiten zum Schutz Ihrer Privatsph\u00e4re entnehmen Sie bitte den Datenschutzhinweisen von Facebook: <a href=\"http:\/\/www.facebook.com\/policy.php\">http:\/\/www.facebook.com\/policy.php<\/a>.<\/p>\n<h2><span style=\"color: #dc143c;\"><span style=\"font-family: Verdana, Geneva, Arial, Helvetica, sans-serif;\">Datenschutzerkl\u00e4rung<\/span><\/span><\/h2>\n<p><span style=\"color: #b22222;\"><span style=\"font-family: Verdana, Geneva, Arial, Helvetica, sans-serif;\"><span style=\"font-size: medium;\">Verantwortliche Stelle im Sinne der Datenschutzgesetze ist:<\/span><\/span><\/span><\/p>\n<p><span style=\"color: #b22222;\"><span style=\"font-family: Verdana, Geneva, Arial, Helvetica, sans-serif;\"><span style=\"font-size: medium;\">Kirsten V\u00f6hrenbach<\/span><\/span><\/span><\/p>\n<p>Rittrumerstra\u00dfe 2a<\/p>\n<p>&nbsp;<\/p>\n<p>26197 Gro\u00dfenkneten<\/p>\n<p>04487-750310<\/p>\n<p>k.voehrenbach1@ewetel.net<\/p>\n<p>&nbsp;<\/p>\n<p>&nbsp;<\/p>\n<h3><span style=\"color: #dc143c;\"><span style=\"font-family: Verdana, Geneva, Arial, Helvetica, sans-serif;\"><span style=\"font-size: medium;\">L\u00f6schung bzw. Sperrung der Daten<\/span><\/span><\/span><\/h3>\n<p><span style=\"color: #b22222;\"><span style=\"font-family: Verdana, Geneva, Arial, Helvetica, sans-serif;\"><span style=\"font-size: medium;\">Wir halten uns an die Grunds\u00e4tze der Datenvermeidung und Datensparsamkeit. Wir speichern Ihre personenbezogenen Daten daher nur so lange, wie dies zur Erreichung der hier genannten Zwecke erforderlich ist oder wie es die vom Gesetzgeber vorgesehenen vielf\u00e4ltigen Speicherfristen vorsehen. Nach Fortfall des jeweiligen Zweckes bzw. Ablauf dieser Fristen werden die entsprechenden Daten routinem\u00e4\u00dfig und entsprechend den gesetzlichen Vorschriften gesperrt oder gel\u00f6scht.<\/span><\/span><\/span><\/p>\n<h3><span style=\"color: #dc143c;\"><span style=\"font-family: Verdana, Geneva, Arial, Helvetica, sans-serif;\"><span style=\"font-size: medium;\">Verwendung von Google Maps<\/span><\/span><\/span><\/h3>\n<p><span style=\"color: #b22222;\"><span style=\"font-family: Verdana, Geneva, Arial, Helvetica, sans-serif;\"><span style=\"font-size: medium;\">Diese Webseite verwendet Google Maps API, um geographische Informationen visuell darzustellen. Bei der Nutzung von Google Maps werden von Google auch Daten \u00fcber die Nutzung der Kartenfunktionen durch Besucher erhoben, verarbeitet und genutzt. N\u00e4here Informationen \u00fcber die Datenverarbeitung durch Google k\u00f6nnen Sie\u00a0<\/span><\/span><\/span><a href=\"http:\/\/www.google.com\/privacypolicy.html\"><span style=\"color: #b43939;\"><span style=\"font-family: Verdana, Geneva, Arial, Helvetica, sans-serif;\"><span style=\"font-size: medium;\">den Google-Datenschutzhinweisen<\/span><\/span><\/span><\/a><span style=\"color: #b22222;\"><span style=\"font-family: Verdana, Geneva, Arial, Helvetica, sans-serif;\"><span style=\"font-size: medium;\">\u00a0entnehmen. Dort k\u00f6nnen Sie im Datenschutzcenter auch Ihre pers\u00f6nlichen Datenschutz-Einstellungen ver\u00e4ndern.<\/span><\/span><\/span><\/p>\n<p><span style=\"color: #b22222;\"><span style=\"font-family: Verdana, Geneva, Arial, Helvetica, sans-serif;\"><span style=\"font-size: medium;\">Ausf\u00fchrliche Anleitungen zur Verwaltung der eigenen Daten im Zusammenhang mit Google-Produkten<\/span><\/span><\/span><a href=\"http:\/\/www.dataliberation.org\/\"><span style=\"color: #b43939;\"><span style=\"font-family: Verdana, Geneva, Arial, Helvetica, sans-serif;\"><span style=\"font-size: medium;\">\u00a0finden Sie hier<\/span><\/span><\/span><\/a><span style=\"color: #b22222;\"><span style=\"font-family: Verdana, Geneva, Arial, Helvetica, sans-serif;\"><span style=\"font-size: medium;\">.<\/span><\/span><\/span><\/p>\n<h3><strong><span style=\"color: #dc143c;\"><span style=\"font-family: Verdana, Geneva, Arial, Helvetica, sans-serif;\"><span style=\"font-size: medium;\">Ihre Rechte auf Auskunft, Berichtigung, Sperre, L\u00f6schung und Widerspruch<\/span><\/span><\/span><\/strong><\/h3>\n<p><span style=\"color: #b22222;\"><span style=\"font-family: Verdana, Geneva, Arial, Helvetica, sans-serif;\"><span style=\"font-size: medium;\">Sie haben das Recht, jederzeit Auskunft \u00fcber Ihre bei uns gespeicherten personenbezogenen Daten zu erhalten. Ebenso haben Sie das Recht auf Berichtigung, Sperrung oder, abgesehen von der vorgeschriebenen Datenspeicherung zur Gesch\u00e4ftsabwicklung, L\u00f6schung Ihrer personenbezogenen Daten. Bitte wenden Sie sich dazu an unseren Datenschutzbeauftragten. Die Kontaktdaten finden Sie ganz unten.<\/span><\/span><\/span><\/p>\n<p><span style=\"color: #b22222;\"><span style=\"font-family: Verdana, Geneva, Arial, Helvetica, sans-serif;\"><span style=\"font-size: medium;\">Damit eine Sperre von Daten jederzeit ber\u00fccksichtigt werden kann, m\u00fcssen diese Daten zu Kontrollzwecken in einer Sperrdatei vorgehalten werden. Sie k\u00f6nnen auch die L\u00f6schung der Daten verlangen, soweit keine gesetzliche Archivierungsverpflichtung besteht. Soweit eine solche Verpflichtung besteht, sperren wir Ihre Daten auf Wunsch.<\/span><\/span><\/span><\/p>\n<p><span style=\"color: #b22222;\"><span style=\"font-family: Verdana, Geneva, Arial, Helvetica, sans-serif;\"><span style=\"font-size: medium;\">Sie k\u00f6nnen \u00c4nderungen oder den Widerruf einer Einwilligung durch entsprechende Mitteilung an uns mit Wirkung f\u00fcr die Zukunft vornehmen.<\/span><\/span><\/span><\/p>\n<h3><strong><span style=\"color: #dc143c;\"><span style=\"font-family: Verdana, Geneva, Arial, Helvetica, sans-serif;\"><span style=\"font-size: medium;\">\u00c4nderung unserer Datenschutzbestimmungen<\/span><\/span><\/span><\/strong><\/h3>\n<p><span style=\"color: #b22222;\"><span style=\"font-family: Verdana, Geneva, Arial, Helvetica, sans-serif;\"><span style=\"font-size: medium;\">Wir behalten uns vor, diese Datenschutzerkl\u00e4rung gelegentlich anzupassen, damit sie stets den aktuellen rechtlichen Anforderungen entspricht oder um \u00c4nderungen unserer Leistungen in der Datenschutzerkl\u00e4rung umzusetzen, z. B. bei der Einf\u00fchrung neuer Services. F\u00fcr Ihren erneuten Besuch gilt dann die neue Datenschutzerkl\u00e4rung.<\/span><\/span><\/span><\/p>\n<h3><strong><span style=\"color: #dc143c;\"><span style=\"font-family: Verdana, Geneva, Arial, Helvetica, sans-serif;\"><span style=\"font-size: medium;\">Fragen an den Datenschutzbeauftragten<\/span><\/span><\/span><\/strong><\/h3>\n<p><span style=\"color: #b22222;\"><span style=\"font-family: Verdana, Geneva, Arial, Helvetica, sans-serif;\"><span style=\"font-size: medium;\">Wenn Sie Fragen zum Datenschutz haben, schreiben Sie uns bitte eine E-Mail<\/span><\/span><\/span><\/p>\n","protected":false},"excerpt":{"rendered":"<p>Wir informieren dar\u00fcber, dass die im Rahmen der Gesch\u00e4ftsabwicklung von Ihnen \u00fcbermittelten Daten mit Hilfe einer EDV-Anlage verarbeitet und gespeichert werden. Pers\u00f6nliche Daten werden selbstverst\u00e4ndlich vertraulich behandelt. Erhebung \/ Beschaffung von personenbezogenen Daten Personenbezogene Daten (Einzelangaben \u00fcber pers\u00f6nliche oder sachliche Verh\u00e4ltnisse einer bestimmten oder bestimmbaren nat\u00fcrlichen Person) erheben wir nur, soweit wir diese f\u00fcr die [&hellip;]<\/p>\n","protected":false},"author":1,"featured_media":0,"parent":0,"menu_order":0,"comment_status":"open","ping_status":"open","template":"","meta":[],"_links":{"self":[{"href":"http:\/\/www.hunde-lounge.com\/index.php?rest_route=\/wp\/v2\/pages\/85"}],"collection":[{"href":"http:\/\/www.hunde-lounge.com\/index.php?rest_route=\/wp\/v2\/pages"}],"about":[{"href":"http:\/\/www.hunde-lounge.com\/index.php?rest_route=\/wp\/v2\/types\/page"}],"author":[{"embeddable":true,"href":"http:\/\/www.hunde-lounge.com\/index.php?rest_route=\/wp\/v2\/users\/1"}],"replies":[{"embeddable":true,"href":"http:\/\/www.hunde-lounge.com\/index.php?rest_route=%2Fwp%2Fv2%2Fcomments&post=85"}],"version-history":[{"count":5,"href":"http:\/\/www.hunde-lounge.com\/index.php?rest_route=\/wp\/v2\/pages\/85\/revisions"}],"predecessor-version":[{"id":589,"href":"http:\/\/www.hunde-lounge.com\/index.php?rest_route=\/wp\/v2\/pages\/85\/revisions\/589"}],"wp:attachment":[{"href":"http:\/\/www.hunde-lounge.com\/index.php?rest_route=%2Fwp%2Fv2%2Fmedia&parent=85"}],"curies":[{"name":"wp","href":"https:\/\/api.w.org\/{rel}","templated":true}]}}